{"id":24,"date":"2025-11-28T11:42:28","date_gmt":"2025-11-28T10:42:28","guid":{"rendered":"https:\/\/singkreis91-fronhausen.de\/?page_id=24"},"modified":"2025-12-20T15:47:36","modified_gmt":"2025-12-20T14:47:36","slug":"impressum","status":"publish","type":"page","link":"https:\/\/singkreis91-fronhausen.de\/?page_id=24","title":{"rendered":"Impressum"},"content":{"rendered":"\n<p>Der Singkreis \u201991 Fronhausen ist ein Verein mit einem alle vier Jahre gew\u00e4hlten <a href=\"https:\/\/singkreis91-fronhausen.de\/kontakt\/\" data-type=\"page\" data-id=\"289\">Vorstand<\/a>.<\/p>\n\n\n\n<p>Verantwortlich f\u00fcr die Administration und den Inhalt der Internetseiten des Singkreises \u201991 Fronhausen ist die erste Vorsitzende Brigitte Schnabel, Mozartstra\u00dfe 3, 35112 Fronhausen.<\/p>\n\n\n\n<p>Telefon: 06426\/6889<br>E-Mail: <a>singkreis91-fronhausen@gmx.de<\/a><\/p>\n\n\n\n<div style=\"height:100px\" aria-hidden=\"true\" class=\"wp-block-spacer\"><\/div>\n\n\n\n<p>Alle Angaben zu Adressen, Terminen sowie die Berichte zu den Internetseiten des Singkreises \u201991 wurden sorgf\u00e4ltig recherchiert. Der Singkreis \u201991 und die erste Vorsitzende \u00fcbernehmen dennoch keine Gew\u00e4hr f\u00fcr die Richtigkeit dieser Angaben. Insbesondere Veranstaltungen und \u00dcbungsstunden k\u00f6nnen verlegt werden oder ausfallen. Unrichtige oder nicht aktuelle Informationen begr\u00fcnden kein Recht auf weitergehende Anspr\u00fcche gegen\u00fcber dem Singkreis \u201991 Fronhausen oder der ersten Vorsitzenden.\u00a0<\/p>\n","protected":false},"excerpt":{"rendered":"<p>Der Singkreis \u201991 Fronhausen ist ein Verein mit einem alle vier Jahre gew\u00e4hlten Vorstand. Verantwortlich f\u00fcr die Administration und den Inhalt der Internetseiten des Singkreises \u201991 Fronhausen ist die erste Vorsitzende Brigitte Schnabel, Mozartstra\u00dfe 3, 35112 Fronhausen. Telefon: 06426\/6889E-Mail: singkreis91-fronhausen@gmx.de Alle Angaben zu Adressen, Terminen sowie die Berichte zu den Internetseiten des Singkreises \u201991 wurden &#8230; <a title=\"Impressum\" class=\"read-more\" href=\"https:\/\/singkreis91-fronhausen.de\/?page_id=24\" aria-label=\"Mehr Informationen \u00fcber Impressum\">Weiterlesen<\/a><\/p>\n","protected":false},"author":2,"featured_media":0,"parent":0,"menu_order":0,"comment_status":"closed","ping_status":"closed","template":"","meta":{"footnotes":""},"class_list":["post-24","page","type-page","status-publish"],"_links":{"self":[{"href":"https:\/\/singkreis91-fronhausen.de\/index.php?rest_route=\/wp\/v2\/pages\/24","targetHints":{"allow":["GET"]}}],"collection":[{"href":"https:\/\/singkreis91-fronhausen.de\/index.php?rest_route=\/wp\/v2\/pages"}],"about":[{"href":"https:\/\/singkreis91-fronhausen.de\/index.php?rest_route=\/wp\/v2\/types\/page"}],"author":[{"embeddable":true,"href":"https:\/\/singkreis91-fronhausen.de\/index.php?rest_route=\/wp\/v2\/users\/2"}],"replies":[{"embeddable":true,"href":"https:\/\/singkreis91-fronhausen.de\/index.php?rest_route=%2Fwp%2Fv2%2Fcomments&post=24"}],"version-history":[{"count":11,"href":"https:\/\/singkreis91-fronhausen.de\/index.php?rest_route=\/wp\/v2\/pages\/24\/revisions"}],"predecessor-version":[{"id":350,"href":"https:\/\/singkreis91-fronhausen.de\/index.php?rest_route=\/wp\/v2\/pages\/24\/revisions\/350"}],"wp:attachment":[{"href":"https:\/\/singkreis91-fronhausen.de\/index.php?rest_route=%2Fwp%2Fv2%2Fmedia&parent=24"}],"curies":[{"name":"wp","href":"https:\/\/api.w.org\/{rel}","templated":true}]}}