{"id":278,"date":"2025-12-16T20:49:53","date_gmt":"2025-12-16T19:49:53","guid":{"rendered":"https:\/\/singkreis91-fronhausen.de\/?page_id=278"},"modified":"2025-12-20T15:31:37","modified_gmt":"2025-12-20T14:31:37","slug":"rueckblicke","status":"publish","type":"page","link":"https:\/\/singkreis91-fronhausen.de\/?page_id=278","title":{"rendered":"R\u00fcckblicke"},"content":{"rendered":"\n<p><strong>2025 <\/strong>Evergreens &#8211; Konzert im im \u201eG\u00fcterbahnhof 1849\u201c Fronhausen am 2.11.2025<\/p>\n\n\n\n<p><strong>2024 <\/strong>Konzert Forever\u2026im \u201eG\u00fcterbahnhof 1849\u201c Fronhausen am 9.6.2024<\/p>\n\n\n\n<p><strong>2023 <\/strong>Hinterm Horizont <\/p>\n\n\n\n<p><strong>2020 <\/strong>Yesterday 2020\u00a0&#8230; im \u201eG\u00fcterbahnhof 1849\u201c Fronhausen am 1.2.2020<\/p>\n\n\n\n<p><strong>2017 <\/strong>Sommerserenade &#8211; Liebeslieder von gestern und heute \u00a0am 27.8.2017<\/p>\n\n\n\n<p>In dem wundersch\u00f6nen Innenhof der Burg wurden den Zuh\u00f6rerinnen und Zuh\u00f6rern Liebeslieder aus verschiedenen Epochen und verschiedenen L\u00e4ndern zu Geh\u00f6r gebracht. Es wurde romantisch und ein buntgemischtes Programm wurde angeboten, Liebeswerke aus vergangenen Jahrhunderten und der Neuzeit, gesanglich pr\u00e4sentiert vom Singkreis \u201991 Fronhausen unter Leitung von Daniel Kaiser, dem gemischten Chor des Gesangvereins Ruttershausen unter Leitung von Anselm Richter. Instrumental wurden die Ch\u00f6re von Karsten Knorre am Klavier und Aleksandra Schorge mit der Gitarre begleitet.<\/p>\n\n\n\n<p>Zuh\u00f6rer und Zuh\u00f6rerinnen wurden musikalisch in andere Zeiten und andere L\u00e4nder entf\u00fchrt. Den G\u00e4sten wurde in einem voll besetzten Burghof ein sch\u00f6ner sonnt\u00e4glicher Sp\u00e4tnachmittag geboten. Der schattige Innenhof der Burg in der Talstra\u00dfe mit seiner wunderbaren Akustik ist einfach hervorragend geeignet f\u00fcr ein Sommerkonzert. Nach knapp 2 Stunden wurden die S\u00e4ngerinnen und Instrumentalisten mit lang anhaltendem Beifall von den Zuh\u00f6rer und Zuh\u00f6rerinnen und dem Wunsch auf eine Neuauflage eines Sommerkonzertes verabschiedet.<\/p>\n\n\n\n<figure class=\"wp-block-image size-full is-style-default\"><img loading=\"lazy\" decoding=\"async\" width=\"400\" height=\"267\" src=\"https:\/\/singkreis91-fronhausen.de\/wp-content\/uploads\/2025\/12\/06Konz.jpg\" alt=\"\" class=\"wp-image-304\" srcset=\"https:\/\/singkreis91-fronhausen.de\/wp-content\/uploads\/2025\/12\/06Konz.jpg 400w, https:\/\/singkreis91-fronhausen.de\/wp-content\/uploads\/2025\/12\/06Konz-300x200.jpg 300w\" sizes=\"auto, (max-width: 400px) 100vw, 400px\" \/><\/figure>\n\n\n\n<div style=\"height:100px\" aria-hidden=\"true\" class=\"wp-block-spacer\"><\/div>\n\n\n\n<h2 class=\"wp-block-heading\">Kaffie platt geschwasst<\/h2>\n\n\n\n<p>Mit der Einrichtung des \u201eKaffie platt geschwasst\u201c wollte der Singkreis \u201991 das Brauchtum in Fronhausen und den Fronh\u00e4user Dialekt am Leben erhalten. In \u201eGoldonkels ahlem Koistall\u201c in der Gie\u00dfenerstr. 8, gegen\u00fcber der Metzgerei Ho\u00df, wurde der alte Kuhstall mit tatkr\u00e4ftiger Unterst\u00fctzung der heutigen Besitzer von Schenk zu Schweinsberg zur Nutzung hergerichtet.<\/p>\n\n\n\n<p>Der Singkreis \u201991 veranstaltete hier bis zu viermal im Jahr an einem Sonntagnachmittag mit Kaffee aus Sammeltassen und selbstgebackenem Kuchen einen gem\u00fctlichen Nachmittag. Es wurde \u201eplatt geschwasst\u201c und zum Gaudi der G\u00e4ste wurden in einem \u201eSprachkurs\u201c seltene W\u00f6rter und Redewendungen in \u201eplatt\u201c vorgestellt. Der Nachmittag mit Sketchen, Liedvortr\u00e4gen und\u00a0 Geschichten in \u201eplatt\u201c wurde von den B\u00fcrgerinnen und B\u00fcrgern aus der gesamten Gro\u00dfgemeinde und auch den Nachbargemeinden zun\u00e4chst gut angenommen.<\/p>\n\n\n\n<p>Nach der \u00fcberaus erfolgreichen Veranstaltung am 5. Mai 2013 mit der Hess. Volkskunstgilde e.V. und der Veranstaltung 22. September 2013 mit einem lustigen Sketch \u201eAuf der Schaukel\u201c fand die n\u00e4chste Veranstaltung am 14. September 2014 statt. Da gleichzeitig auch der Tag des Denkmals war, konnte der Park der Familie von Schenk mit F\u00fchrung von Gunthram von Schenk besichtigt werden. An diesem Tag gab es \u201eFettebrote\u201c, Kuchen und Erfrischungen bereits ab 11 Uhr. Im September 2015 und 2016 waren die gleichen Veranstaltungen noch besser besucht.<\/p>\n\n\n\n<p>Seit etwa zwei Jahren werden in Fronhausen und den Ortsteilen monatlich mehrere Kaffeenachmittage angeboten. Durch diese monatlich vielen Kaffeenachmittage lie\u00df das Interesse am \u201eKaffie platt geschwasst\u201c extrem nach, so dass die viertelj\u00e4hrlichen Kaffeenachmittage vorerst eingestellt wurden.<\/p>\n\n\n\n<p>Unter dem Link <a href=\"http:\/\/www.myheimat.de\/hessen\/fronhausen\">http:\/\/www.myheimat.de\/hessen\/fronhausen<\/a> oder <a href=\"http:\/\/www.myheimat.de\/themen\/frauensingkreis-fronhausen.html\">http:\/\/www.myheimat.de\/themen\/frauensingkreis-fronhausen.html<\/a> finden Sie auch Berichte von Daniela Schwarzer \u00fcber diese Veranstaltungen.<\/p>\n","protected":false},"excerpt":{"rendered":"<p>2025 Evergreens &#8211; Konzert im im \u201eG\u00fcterbahnhof 1849\u201c Fronhausen am 2.11.2025 2024 Konzert Forever\u2026im \u201eG\u00fcterbahnhof 1849\u201c Fronhausen am 9.6.2024 2023 Hinterm Horizont 2020 Yesterday 2020\u00a0&#8230; im \u201eG\u00fcterbahnhof 1849\u201c Fronhausen am 1.2.2020 2017 Sommerserenade &#8211; Liebeslieder von gestern und heute \u00a0am 27.8.2017 In dem wundersch\u00f6nen Innenhof der Burg wurden den Zuh\u00f6rerinnen und Zuh\u00f6rern Liebeslieder aus verschiedenen &#8230; <a title=\"R\u00fcckblicke\" class=\"read-more\" href=\"https:\/\/singkreis91-fronhausen.de\/?page_id=278\" aria-label=\"Mehr Informationen \u00fcber R\u00fcckblicke\">Weiterlesen<\/a><\/p>\n","protected":false},"author":2,"featured_media":0,"parent":0,"menu_order":0,"comment_status":"closed","ping_status":"closed","template":"","meta":{"footnotes":""},"class_list":["post-278","page","type-page","status-publish"],"_links":{"self":[{"href":"https:\/\/singkreis91-fronhausen.de\/index.php?rest_route=\/wp\/v2\/pages\/278","targetHints":{"allow":["GET"]}}],"collection":[{"href":"https:\/\/singkreis91-fronhausen.de\/index.php?rest_route=\/wp\/v2\/pages"}],"about":[{"href":"https:\/\/singkreis91-fronhausen.de\/index.php?rest_route=\/wp\/v2\/types\/page"}],"author":[{"embeddable":true,"href":"https:\/\/singkreis91-fronhausen.de\/index.php?rest_route=\/wp\/v2\/users\/2"}],"replies":[{"embeddable":true,"href":"https:\/\/singkreis91-fronhausen.de\/index.php?rest_route=%2Fwp%2Fv2%2Fcomments&post=278"}],"version-history":[{"count":6,"href":"https:\/\/singkreis91-fronhausen.de\/index.php?rest_route=\/wp\/v2\/pages\/278\/revisions"}],"predecessor-version":[{"id":334,"href":"https:\/\/singkreis91-fronhausen.de\/index.php?rest_route=\/wp\/v2\/pages\/278\/revisions\/334"}],"wp:attachment":[{"href":"https:\/\/singkreis91-fronhausen.de\/index.php?rest_route=%2Fwp%2Fv2%2Fmedia&parent=278"}],"curies":[{"name":"wp","href":"https:\/\/api.w.org\/{rel}","templated":true}]}}